{"id":1515,"date":"2024-08-02T19:26:44","date_gmt":"2024-08-02T17:26:44","guid":{"rendered":"https:\/\/www.capoeira-abada.com\/web\/?page_id=1515"},"modified":"2024-09-04T01:00:28","modified_gmt":"2024-09-03T23:00:28","slug":"abada-haute-savoie","status":"publish","type":"page","link":"https:\/\/www.capoeira-abada.com\/web\/abada-haute-savoie\/","title":{"rendered":"Abada Haute Savoie"},"content":{"rendered":"<p>[et_pb_section fb_built=\u00a0\u00bb1&Prime; _builder_version=\u00a0\u00bb4.27.0&Prime; _module_preset=\u00a0\u00bbdefault\u00a0\u00bb da_disable_devices=\u00a0\u00bboff|off|off\u00a0\u00bb global_colors_info=\u00a0\u00bb{}\u00a0\u00bb theme_builder_area=\u00a0\u00bbpost_content\u00a0\u00bb da_is_popup=\u00a0\u00bboff\u00a0\u00bb da_exit_intent=\u00a0\u00bboff\u00a0\u00bb da_has_close=\u00a0\u00bbon\u00a0\u00bb da_alt_close=\u00a0\u00bboff\u00a0\u00bb da_dark_close=\u00a0\u00bboff\u00a0\u00bb da_not_modal=\u00a0\u00bbon\u00a0\u00bb da_is_singular=\u00a0\u00bboff\u00a0\u00bb da_with_loader=\u00a0\u00bboff\u00a0\u00bb da_has_shadow=\u00a0\u00bbon\u00a0\u00bb][et_pb_row _builder_version=\u00a0\u00bb4.27.0&Prime; _module_preset=\u00a0\u00bbdefault\u00a0\u00bb global_colors_info=\u00a0\u00bb{}\u00a0\u00bb theme_builder_area=\u00a0\u00bbpost_content\u00a0\u00bb][et_pb_column type=\u00a0\u00bb4_4&Prime; _builder_version=\u00a0\u00bb4.27.0&Prime; _module_preset=\u00a0\u00bbdefault\u00a0\u00bb global_colors_info=\u00a0\u00bb{}\u00a0\u00bb theme_builder_area=\u00a0\u00bbpost_content\u00a0\u00bb][et_pb_menu menu_id=\u00a0\u00bb16&Prime; active_link_color=\u00a0\u00bb#000000&Prime; _builder_version=\u00a0\u00bb4.27.0&Prime; _module_preset=\u00a0\u00bbdefault\u00a0\u00bb menu_font=\u00a0\u00bb|700|||||||\u00a0\u00bb menu_font_size=\u00a0\u00bb20px\u00a0\u00bb text_orientation=\u00a0\u00bbcenter\u00a0\u00bb global_colors_info=\u00a0\u00bb{}\u00a0\u00bb theme_builder_area=\u00a0\u00bbpost_content\u00a0\u00bb][\/et_pb_menu][\/et_pb_column][\/et_pb_row][\/et_pb_section][et_pb_section fb_built=\u00a0\u00bb1&Prime; fullwidth=\u00a0\u00bbon\u00a0\u00bb _builder_version=\u00a0\u00bb4.27.0&Prime; _module_preset=\u00a0\u00bbdefault\u00a0\u00bb da_disable_devices=\u00a0\u00bboff|off|off\u00a0\u00bb global_colors_info=\u00a0\u00bb{}\u00a0\u00bb da_is_popup=\u00a0\u00bboff\u00a0\u00bb da_exit_intent=\u00a0\u00bboff\u00a0\u00bb da_has_close=\u00a0\u00bbon\u00a0\u00bb da_alt_close=\u00a0\u00bboff\u00a0\u00bb da_dark_close=\u00a0\u00bboff\u00a0\u00bb da_not_modal=\u00a0\u00bbon\u00a0\u00bb da_is_singular=\u00a0\u00bboff\u00a0\u00bb da_with_loader=\u00a0\u00bboff\u00a0\u00bb da_has_shadow=\u00a0\u00bbon\u00a0\u00bb][et_pb_fullwidth_image src=\u00a0\u00bbhttps:\/\/www.capoeira-abada.com\/web\/wp-content\/uploads\/2024\/08\/Intro-Alpes-Maritimes.png\u00a0\u00bb title_text=\u00a0\u00bbIntro Alpes-Maritimes\u00a0\u00bb _builder_version=\u00a0\u00bb4.27.0&Prime; _module_preset=\u00a0\u00bbdefault\u00a0\u00bb global_colors_info=\u00a0\u00bb{}\u00a0\u00bb][\/et_pb_fullwidth_image][\/et_pb_section][et_pb_section fb_built=\u00a0\u00bb1&Prime; _builder_version=\u00a0\u00bb4.27.0&Prime; _module_preset=\u00a0\u00bbdefault\u00a0\u00bb background_enable_image=\u00a0\u00bboff\u00a0\u00bb custom_padding=\u00a0\u00bb||0px||false|false\u00a0\u00bb da_disable_devices=\u00a0\u00bboff|off|off\u00a0\u00bb global_colors_info=\u00a0\u00bb{}\u00a0\u00bb da_is_popup=\u00a0\u00bboff\u00a0\u00bb da_exit_intent=\u00a0\u00bboff\u00a0\u00bb da_has_close=\u00a0\u00bbon\u00a0\u00bb da_alt_close=\u00a0\u00bboff\u00a0\u00bb da_dark_close=\u00a0\u00bboff\u00a0\u00bb da_not_modal=\u00a0\u00bbon\u00a0\u00bb da_is_singular=\u00a0\u00bboff\u00a0\u00bb da_with_loader=\u00a0\u00bboff\u00a0\u00bb da_has_shadow=\u00a0\u00bbon\u00a0\u00bb][et_pb_row _builder_version=\u00a0\u00bb4.27.0&Prime; _module_preset=\u00a0\u00bbdefault\u00a0\u00bb global_colors_info=\u00a0\u00bb{}\u00a0\u00bb][et_pb_column type=\u00a0\u00bb4_4&Prime; _builder_version=\u00a0\u00bb4.22.1&Prime; _module_preset=\u00a0\u00bbdefault\u00a0\u00bb global_colors_info=\u00a0\u00bb{}\u00a0\u00bb][dsm_button button_one_text=\u00a0\u00bbWHATSAPP\u00a0\u00bb button_one_url_type=\u00a0\u00bbwhatsapp\u00a0\u00bb button_one_whatsapp_number=\u00a0\u00bb+33643456454&Prime; button_two_text=\u00a0\u00bbSMS\u00a0\u00bb button_two_url_type=\u00a0\u00bbsms\u00a0\u00bb button_two_sms_number=\u00a0\u00bb+33643456454&Prime; button_alignment=\u00a0\u00bbcenter\u00a0\u00bb _builder_version=\u00a0\u00bb4.27.0&Prime; _module_preset=\u00a0\u00bbdefault\u00a0\u00bb custom_button_one=\u00a0\u00bbon\u00a0\u00bb button_one_text_color=\u00a0\u00bb#0C71C3&Prime; button_one_border_width=\u00a0\u00bb4px\u00a0\u00bb button_one_border_radius=\u00a0\u00bb60px\u00a0\u00bb button_one_font=\u00a0\u00bb|600|||||||\u00a0\u00bb custom_button_two=\u00a0\u00bbon\u00a0\u00bb button_two_text_color=\u00a0\u00bb#0C71C3&Prime; button_two_border_width=\u00a0\u00bb4px\u00a0\u00bb button_two_border_radius=\u00a0\u00bb60px\u00a0\u00bb button_two_font=\u00a0\u00bb|600|||||||\u00a0\u00bb custom_padding=\u00a0\u00bb0px||||false|false\u00a0\u00bb global_colors_info=\u00a0\u00bb{}\u00a0\u00bb][\/dsm_button][\/et_pb_column][\/et_pb_row][\/et_pb_section][et_pb_section fb_built=\u00a0\u00bb1&Prime; _builder_version=\u00a0\u00bb4.22.1&Prime; _module_preset=\u00a0\u00bbdefault\u00a0\u00bb custom_padding=\u00a0\u00bb0px||||false|false\u00a0\u00bb da_disable_devices=\u00a0\u00bboff|off|off\u00a0\u00bb global_colors_info=\u00a0\u00bb{}\u00a0\u00bb da_is_popup=\u00a0\u00bboff\u00a0\u00bb da_exit_intent=\u00a0\u00bboff\u00a0\u00bb da_has_close=\u00a0\u00bbon\u00a0\u00bb da_alt_close=\u00a0\u00bboff\u00a0\u00bb da_dark_close=\u00a0\u00bboff\u00a0\u00bb da_not_modal=\u00a0\u00bbon\u00a0\u00bb da_is_singular=\u00a0\u00bboff\u00a0\u00bb da_with_loader=\u00a0\u00bboff\u00a0\u00bb da_has_shadow=\u00a0\u00bbon\u00a0\u00bb][et_pb_row _builder_version=\u00a0\u00bb4.16&Prime; _module_preset=\u00a0\u00bbdefault\u00a0\u00bb global_colors_info=\u00a0\u00bb{}\u00a0\u00bb][et_pb_column type=\u00a0\u00bb4_4&Prime; _builder_version=\u00a0\u00bb4.16&Prime; _module_preset=\u00a0\u00bbdefault\u00a0\u00bb global_colors_info=\u00a0\u00bb{}\u00a0\u00bb][et_pb_text _builder_version=\u00a0\u00bb4.22.1&Prime; _module_preset=\u00a0\u00bbdefault\u00a0\u00bb text_font_size=\u00a0\u00bb16px\u00a0\u00bb global_colors_info=\u00a0\u00bb{}\u00a0\u00bb]<\/p>\n<p style=\"text-align: center;\">Bienvenue sur notre site d\u00e9di\u00e9 \u00e0 l&rsquo;univers captivant de la capoeira et de la culture br\u00e9silienne !<\/p>\n<p style=\"text-align: center;\">On est ravis de t&rsquo;accueillir au c\u0153ur de notre communaut\u00e9 passionn\u00e9e, o\u00f9 la gr\u00e2ce des mouvements de la capoeira se m\u00eale harmonieusement \u00e0 la richesse culturelle du Br\u00e9sil. Que tu sois un adepte de longue date ou que tu d\u00e9couvres cet art martial et cette culture envo\u00fbtants pour la premi\u00e8re fois, tu trouveras ici une source inestimable de connaissances, d&rsquo;inspiration et de partage.<br \/><span><br \/>N&rsquo;h\u00e9site pas \u00e0 parcourir nos articles, nos vid\u00e9os et nos ressources soigneusement s\u00e9lectionn\u00e9s, et \u00e0 te joindre \u00e0 notre communaut\u00e9 dynamique en participant \u00e0 nos \u00e9v\u00e9nements, stages et cours. On esp\u00e8re que ce site deviendra une source d&rsquo;inspiration, de connexion et d&rsquo;\u00e9panouissement pour toi, tout comme il l&rsquo;est pour nous.<\/span><\/p>\n<p>[\/et_pb_text][\/et_pb_column][\/et_pb_row][\/et_pb_section]<\/p>\n","protected":false},"excerpt":{"rendered":"<p><div class=\"et_pb_module dsm_button dsm_button_0 et_pb_bg_layout_light\">\n\t\t\t\t\n\t\t\t\t\n\t\t\t\t\n\t\t\t\t\n\t\t\t\t\n\t\t\t\t\n\t\t\t\t<div class=\"et_pb_module_inner\">\n\t\t\t\t\t<div class=\"et_pb_button_module_wrappers dsm_button_0_wrapper et_pb_button_alignment_center et_pb_module\">\n\t\t\t\t<a class=\"et_pb_button et_pb_button_one et_pb_bg_layout_light dsm-none \"  href=https:\/\/wa.me\/+33643456454 data-dsm-lightbox-id=\"dsm_button_one_lightbox dsm_button_0\"><span>WHATSAPP<\/span><\/a><a class=\"et_pb_button et_pb_button_two et_pb_bg_layout_light dsm-none \"  href=sms:+33643456454 data-dsm-lightbox-id=\"dsm_button_two_lightbox dsm_button_0\"><span>SMS<\/span><\/a>\n\t\t\t<\/div>\n\t\t\t\t<\/div>\n\t\t\t<\/div>Bienvenue sur notre site d\u00e9di\u00e9 \u00e0 l&rsquo;univers captivant de la capoeira et de la culture br\u00e9silienne ! On est ravis de t&rsquo;accueillir au c\u0153ur de notre communaut\u00e9 passionn\u00e9e, o\u00f9 la gr\u00e2ce des mouvements de la capoeira se m\u00eale harmonieusement \u00e0 la richesse culturelle du Br\u00e9sil. Que tu sois un adepte de longue date ou que tu d\u00e9couvres cet art martial et cette culture envo\u00fbtants pour la premi\u00e8re fois, tu trouveras ici une source inestimable de connaissances, d&rsquo;inspiration et de partage.N&rsquo;h\u00e9site pas \u00e0 parcourir nos articles, nos vid\u00e9os et nos ressources soigneusement s\u00e9lectionn\u00e9s, et \u00e0 te joindre \u00e0 notre communaut\u00e9 dynamique en participant \u00e0 nos \u00e9v\u00e9nements, stages et cours. On esp\u00e8re que ce site deviendra une source d&rsquo;inspiration, de connexion et d&rsquo;\u00e9panouissement pour toi, tout comme il l&rsquo;est pour nous.<\/p>\n","protected":false},"author":1,"featured_media":0,"parent":0,"menu_order":0,"comment_status":"closed","ping_status":"closed","template":"","meta":{"_et_pb_use_builder":"on","_et_pb_old_content":"<!-- wp:paragraph -->\n<p>SALUT <\/p>\n<!-- \/wp:paragraph -->","_et_gb_content_width":"","footnotes":""},"class_list":["post-1515","page","type-page","status-publish","hentry"],"_links":{"self":[{"href":"https:\/\/www.capoeira-abada.com\/web\/wp-json\/wp\/v2\/pages\/1515","targetHints":{"allow":["GET"]}}],"collection":[{"href":"https:\/\/www.capoeira-abada.com\/web\/wp-json\/wp\/v2\/pages"}],"about":[{"href":"https:\/\/www.capoeira-abada.com\/web\/wp-json\/wp\/v2\/types\/page"}],"author":[{"embeddable":true,"href":"https:\/\/www.capoeira-abada.com\/web\/wp-json\/wp\/v2\/users\/1"}],"replies":[{"embeddable":true,"href":"https:\/\/www.capoeira-abada.com\/web\/wp-json\/wp\/v2\/comments?post=1515"}],"version-history":[{"count":3,"href":"https:\/\/www.capoeira-abada.com\/web\/wp-json\/wp\/v2\/pages\/1515\/revisions"}],"predecessor-version":[{"id":1916,"href":"https:\/\/www.capoeira-abada.com\/web\/wp-json\/wp\/v2\/pages\/1515\/revisions\/1916"}],"wp:attachment":[{"href":"https:\/\/www.capoeira-abada.com\/web\/wp-json\/wp\/v2\/media?parent=1515"}],"curies":[{"name":"wp","href":"https:\/\/api.w.org\/{rel}","templated":true}]}}