{"id":499,"date":"2023-07-24T01:15:32","date_gmt":"2023-07-23T23:15:32","guid":{"rendered":"https:\/\/www.capoeira-abada.com\/web\/?page_id=499"},"modified":"2024-09-02T17:29:52","modified_gmt":"2024-09-02T15:29:52","slug":"abada-alpes-maritimes","status":"publish","type":"page","link":"https:\/\/www.capoeira-abada.com\/web\/abada-alpes-maritimes\/","title":{"rendered":"Abada Alpes-Maritimes"},"content":{"rendered":"<p>[et_pb_section fb_built=\u00a0\u00bb1&Prime; fullwidth=\u00a0\u00bbon\u00a0\u00bb _builder_version=\u00a0\u00bb4.27.0&Prime; _module_preset=\u00a0\u00bbdefault\u00a0\u00bb da_disable_devices=\u00a0\u00bboff|off|off\u00a0\u00bb global_colors_info=\u00a0\u00bb{}\u00a0\u00bb da_is_popup=\u00a0\u00bboff\u00a0\u00bb da_exit_intent=\u00a0\u00bboff\u00a0\u00bb da_has_close=\u00a0\u00bbon\u00a0\u00bb da_alt_close=\u00a0\u00bboff\u00a0\u00bb da_dark_close=\u00a0\u00bboff\u00a0\u00bb da_not_modal=\u00a0\u00bbon\u00a0\u00bb da_is_singular=\u00a0\u00bboff\u00a0\u00bb da_with_loader=\u00a0\u00bboff\u00a0\u00bb da_has_shadow=\u00a0\u00bbon\u00a0\u00bb][et_pb_fullwidth_image src=\u00a0\u00bbhttps:\/\/www.capoeira-abada.com\/web\/wp-content\/uploads\/2024\/08\/Intro-Alpes-Maritimes.png\u00a0\u00bb title_text=\u00a0\u00bbIntro Alpes-Maritimes\u00a0\u00bb _builder_version=\u00a0\u00bb4.27.0&Prime; _module_preset=\u00a0\u00bbdefault\u00a0\u00bb global_colors_info=\u00a0\u00bb{}\u00a0\u00bb][\/et_pb_fullwidth_image][\/et_pb_section][et_pb_section fb_built=\u00a0\u00bb1&Prime; _builder_version=\u00a0\u00bb4.27.0&Prime; _module_preset=\u00a0\u00bbdefault\u00a0\u00bb background_enable_image=\u00a0\u00bboff\u00a0\u00bb custom_padding=\u00a0\u00bb||0px||false|false\u00a0\u00bb da_disable_devices=\u00a0\u00bboff|off|off\u00a0\u00bb global_colors_info=\u00a0\u00bb{}\u00a0\u00bb da_is_popup=\u00a0\u00bboff\u00a0\u00bb da_exit_intent=\u00a0\u00bboff\u00a0\u00bb da_has_close=\u00a0\u00bbon\u00a0\u00bb da_alt_close=\u00a0\u00bboff\u00a0\u00bb da_dark_close=\u00a0\u00bboff\u00a0\u00bb da_not_modal=\u00a0\u00bbon\u00a0\u00bb da_is_singular=\u00a0\u00bboff\u00a0\u00bb da_with_loader=\u00a0\u00bboff\u00a0\u00bb da_has_shadow=\u00a0\u00bbon\u00a0\u00bb][et_pb_row _builder_version=\u00a0\u00bb4.27.0&Prime; _module_preset=\u00a0\u00bbdefault\u00a0\u00bb global_colors_info=\u00a0\u00bb{}\u00a0\u00bb][et_pb_column type=\u00a0\u00bb4_4&Prime; _builder_version=\u00a0\u00bb4.22.1&Prime; _module_preset=\u00a0\u00bbdefault\u00a0\u00bb global_colors_info=\u00a0\u00bb{}\u00a0\u00bb][dsm_button button_one_text=\u00a0\u00bbWHATSAPP\u00a0\u00bb button_one_url_type=\u00a0\u00bbwhatsapp\u00a0\u00bb button_one_whatsapp_number=\u00a0\u00bb+33643456454&Prime; button_two_text=\u00a0\u00bbSMS\u00a0\u00bb button_two_url_type=\u00a0\u00bbsms\u00a0\u00bb button_two_sms_number=\u00a0\u00bb+33643456454&Prime; button_alignment=\u00a0\u00bbcenter\u00a0\u00bb _builder_version=\u00a0\u00bb4.27.0&Prime; _module_preset=\u00a0\u00bbdefault\u00a0\u00bb custom_button_one=\u00a0\u00bbon\u00a0\u00bb button_one_text_color=\u00a0\u00bb#0C71C3&Prime; button_one_border_width=\u00a0\u00bb4px\u00a0\u00bb button_one_border_radius=\u00a0\u00bb60px\u00a0\u00bb button_one_font=\u00a0\u00bb|600|||||||\u00a0\u00bb custom_button_two=\u00a0\u00bbon\u00a0\u00bb button_two_text_color=\u00a0\u00bb#0C71C3&Prime; button_two_border_width=\u00a0\u00bb4px\u00a0\u00bb button_two_border_radius=\u00a0\u00bb60px\u00a0\u00bb button_two_font=\u00a0\u00bb|600|||||||\u00a0\u00bb custom_padding=\u00a0\u00bb0px||||false|false\u00a0\u00bb global_colors_info=\u00a0\u00bb{}\u00a0\u00bb][\/dsm_button][\/et_pb_column][\/et_pb_row][\/et_pb_section][et_pb_section fb_built=\u00a0\u00bb1&Prime; _builder_version=\u00a0\u00bb4.22.1&Prime; _module_preset=\u00a0\u00bbdefault\u00a0\u00bb custom_padding=\u00a0\u00bb0px||||false|false\u00a0\u00bb da_disable_devices=\u00a0\u00bboff|off|off\u00a0\u00bb global_colors_info=\u00a0\u00bb{}\u00a0\u00bb da_is_popup=\u00a0\u00bboff\u00a0\u00bb da_exit_intent=\u00a0\u00bboff\u00a0\u00bb da_has_close=\u00a0\u00bbon\u00a0\u00bb da_alt_close=\u00a0\u00bboff\u00a0\u00bb da_dark_close=\u00a0\u00bboff\u00a0\u00bb da_not_modal=\u00a0\u00bbon\u00a0\u00bb da_is_singular=\u00a0\u00bboff\u00a0\u00bb da_with_loader=\u00a0\u00bboff\u00a0\u00bb da_has_shadow=\u00a0\u00bbon\u00a0\u00bb][et_pb_row _builder_version=\u00a0\u00bb4.16&Prime; _module_preset=\u00a0\u00bbdefault\u00a0\u00bb global_colors_info=\u00a0\u00bb{}\u00a0\u00bb][et_pb_column type=\u00a0\u00bb4_4&Prime; _builder_version=\u00a0\u00bb4.16&Prime; _module_preset=\u00a0\u00bbdefault\u00a0\u00bb global_colors_info=\u00a0\u00bb{}\u00a0\u00bb][et_pb_text _builder_version=\u00a0\u00bb4.22.1&Prime; _module_preset=\u00a0\u00bbdefault\u00a0\u00bb text_font_size=\u00a0\u00bb16px\u00a0\u00bb global_colors_info=\u00a0\u00bb{}\u00a0\u00bb]<\/p>\n<p style=\"text-align: center;\">Bienvenue sur notre site d\u00e9di\u00e9 \u00e0 l&rsquo;univers captivant de la capoeira et de la culture br\u00e9silienne !<\/p>\n<p style=\"text-align: center;\">On est ravis de t&rsquo;accueillir au c\u0153ur de notre communaut\u00e9 passionn\u00e9e, o\u00f9 la gr\u00e2ce des mouvements de la capoeira se m\u00eale harmonieusement \u00e0 la richesse culturelle du Br\u00e9sil. Que tu sois un adepte de longue date ou que tu d\u00e9couvres cet art martial et cette culture envo\u00fbtants pour la premi\u00e8re fois, tu trouveras ici une source inestimable de connaissances, d&rsquo;inspiration et de partage.<br \/><span><br \/>N&rsquo;h\u00e9site pas \u00e0 parcourir nos articles, nos vid\u00e9os et nos ressources soigneusement s\u00e9lectionn\u00e9s, et \u00e0 te joindre \u00e0 notre communaut\u00e9 dynamique en participant \u00e0 nos \u00e9v\u00e9nements, stages et cours. On esp\u00e8re que ce site deviendra une source d&rsquo;inspiration, de connexion et d&rsquo;\u00e9panouissement pour toi, tout comme il l&rsquo;est pour nous.<\/span><\/p>\n<p>[\/et_pb_text][\/et_pb_column][\/et_pb_row][\/et_pb_section][et_pb_section fb_built=\u00a0\u00bb1&Prime; fullwidth=\u00a0\u00bbon\u00a0\u00bb _builder_version=\u00a0\u00bb4.27.0&Prime; _module_preset=\u00a0\u00bbdefault\u00a0\u00bb da_disable_devices=\u00a0\u00bboff|off|off\u00a0\u00bb global_colors_info=\u00a0\u00bb{}\u00a0\u00bb da_is_popup=\u00a0\u00bboff\u00a0\u00bb da_exit_intent=\u00a0\u00bboff\u00a0\u00bb da_has_close=\u00a0\u00bbon\u00a0\u00bb da_alt_close=\u00a0\u00bboff\u00a0\u00bb da_dark_close=\u00a0\u00bboff\u00a0\u00bb da_not_modal=\u00a0\u00bbon\u00a0\u00bb da_is_singular=\u00a0\u00bboff\u00a0\u00bb da_with_loader=\u00a0\u00bboff\u00a0\u00bb da_has_shadow=\u00a0\u00bbon\u00a0\u00bb][et_pb_fullwidth_image src=\u00a0\u00bbhttps:\/\/www.capoeira-abada.com\/web\/wp-content\/uploads\/2023\/08\/suite-2.png\u00a0\u00bb title_text=\u00a0\u00bbsuite 2&Prime; _builder_version=\u00a0\u00bb4.27.0&Prime; _module_preset=\u00a0\u00bbdefault\u00a0\u00bb global_colors_info=\u00a0\u00bb{}\u00a0\u00bb][\/et_pb_fullwidth_image][\/et_pb_section][et_pb_section fb_built=\u00a0\u00bb1&Prime; _builder_version=\u00a0\u00bb4.27.0&Prime; _module_preset=\u00a0\u00bbdefault\u00a0\u00bb custom_margin=\u00a0\u00bb-50px||||false|false\u00a0\u00bb custom_padding=\u00a0\u00bb0px||0px||false|false\u00a0\u00bb da_disable_devices=\u00a0\u00bboff|off|off\u00a0\u00bb global_colors_info=\u00a0\u00bb{}\u00a0\u00bb da_is_popup=\u00a0\u00bboff\u00a0\u00bb da_exit_intent=\u00a0\u00bboff\u00a0\u00bb da_has_close=\u00a0\u00bbon\u00a0\u00bb da_alt_close=\u00a0\u00bboff\u00a0\u00bb da_dark_close=\u00a0\u00bboff\u00a0\u00bb da_not_modal=\u00a0\u00bbon\u00a0\u00bb da_is_singular=\u00a0\u00bboff\u00a0\u00bb da_with_loader=\u00a0\u00bboff\u00a0\u00bb da_has_shadow=\u00a0\u00bbon\u00a0\u00bb][et_pb_row _builder_version=\u00a0\u00bb4.27.0&Prime; _module_preset=\u00a0\u00bbdefault\u00a0\u00bb custom_padding=\u00a0\u00bb0px||0px||false|false\u00a0\u00bb global_colors_info=\u00a0\u00bb{}\u00a0\u00bb][et_pb_column type=\u00a0\u00bb4_4&Prime; _builder_version=\u00a0\u00bb4.27.0&Prime; _module_preset=\u00a0\u00bbdefault\u00a0\u00bb global_colors_info=\u00a0\u00bb{}\u00a0\u00bb][dsm_dual_heading before_text=\u00a0\u00bbChoisis \u00a0\u00bb middle_text=\u00a0\u00bbta ville\u00a0\u00bb after_text=\u00a0\u00bb d&rsquo;entra\u00eenement\u00a0\u00bb heading_html_tag=\u00a0\u00bbh1&Prime; before_background_color=\u00a0\u00bbRGBA(255,255,255,0)\u00a0\u00bb middle_background_color=\u00a0\u00bb#E09900&Prime; _builder_version=\u00a0\u00bb4.27.0&Prime; _module_preset=\u00a0\u00bbdefault\u00a0\u00bb before_font=\u00a0\u00bb|600|||||||\u00a0\u00bb before_text_color=\u00a0\u00bb#0C71C3&Prime; middle_font=\u00a0\u00bb|800||on|||||\u00a0\u00bb middle_text_color=\u00a0\u00bb#FFFFFF\u00a0\u00bb middle_font_size=\u00a0\u00bb40px\u00a0\u00bb after_font=\u00a0\u00bb|600|||||||\u00a0\u00bb after_text_color=\u00a0\u00bb#0C71C3&Prime; background_color=\u00a0\u00bbRGBA(255,255,255,0)\u00a0\u00bb text_orientation=\u00a0\u00bbcenter\u00a0\u00bb border_width_all_middle=\u00a0\u00bb15px\u00a0\u00bb border_color_all_middle=\u00a0\u00bb#E09900&Prime; global_colors_info=\u00a0\u00bb{}\u00a0\u00bb][\/dsm_dual_heading][\/et_pb_column][\/et_pb_row][\/et_pb_section][et_pb_section fb_built=\u00a0\u00bb1&Prime; _builder_version=\u00a0\u00bb4.27.0&Prime; _module_preset=\u00a0\u00bbdefault\u00a0\u00bb da_disable_devices=\u00a0\u00bboff|off|off\u00a0\u00bb global_colors_info=\u00a0\u00bb{}\u00a0\u00bb da_is_popup=\u00a0\u00bboff\u00a0\u00bb da_exit_intent=\u00a0\u00bboff\u00a0\u00bb da_has_close=\u00a0\u00bbon\u00a0\u00bb da_alt_close=\u00a0\u00bboff\u00a0\u00bb da_dark_close=\u00a0\u00bboff\u00a0\u00bb da_not_modal=\u00a0\u00bbon\u00a0\u00bb da_is_singular=\u00a0\u00bboff\u00a0\u00bb da_with_loader=\u00a0\u00bboff\u00a0\u00bb da_has_shadow=\u00a0\u00bbon\u00a0\u00bb][et_pb_row _builder_version=\u00a0\u00bb4.27.0&Prime; _module_preset=\u00a0\u00bbdefault\u00a0\u00bb global_colors_info=\u00a0\u00bb{}\u00a0\u00bb][et_pb_column type=\u00a0\u00bb4_4&Prime; _builder_version=\u00a0\u00bb4.27.0&Prime; _module_preset=\u00a0\u00bbdefault\u00a0\u00bb global_colors_info=\u00a0\u00bb{}\u00a0\u00bb][dsm_circle_info dsm_circle_item_size=\u00a0\u00bb90px\u00a0\u00bb dsm_circle_bg_color=\u00a0\u00bb#0C71C3&Prime; dsm_circle_color=\u00a0\u00bb#FFFFFF\u00a0\u00bb dsm_circle_active_bg_color=\u00a0\u00bb#E09900&Prime; dsm_circle_active_color=\u00a0\u00bb#0C71C3&Prime; dsm_circle_size_tablet=\u00a0\u00bb\u00a0\u00bb dsm_circle_size_phone=\u00a0\u00bb\u00a0\u00bb dsm_circle_size_last_edited=\u00a0\u00bbon|phone\u00a0\u00bb disabled_on=\u00a0\u00bboff|off|off\u00a0\u00bb _builder_version=\u00a0\u00bb4.27.0&Prime; _module_preset=\u00a0\u00bbdefault\u00a0\u00bb circle_title_font=\u00a0\u00bb|600|||||||\u00a0\u00bb custom_button=\u00a0\u00bbon\u00a0\u00bb button_bg_color=\u00a0\u00bb#0C71C3&Prime; width_tablet=\u00a0\u00bb\u00a0\u00bb width_phone=\u00a0\u00bb\u00a0\u00bb width_last_edited=\u00a0\u00bbon|phone\u00a0\u00bb max_width_tablet=\u00a0\u00bb\u00a0\u00bb max_width_phone=\u00a0\u00bb\u00a0\u00bb max_width_last_edited=\u00a0\u00bbon|phone\u00a0\u00bb min_height_tablet=\u00a0\u00bb\u00a0\u00bb min_height_phone=\u00a0\u00bb\u00a0\u00bb min_height_last_edited=\u00a0\u00bbon|phone\u00a0\u00bb overflow-x=\u00a0\u00bbvisible\u00a0\u00bb hover_enabled=\u00a0\u00bb0&Prime; module_alignment_tablet=\u00a0\u00bb\u00a0\u00bb module_alignment_phone=\u00a0\u00bb\u00a0\u00bb module_alignment_last_edited=\u00a0\u00bbon|phone\u00a0\u00bb overflow-x_tablet=\u00a0\u00bbvisible\u00a0\u00bb overflow-x_phone=\u00a0\u00bbvisible\u00a0\u00bb overflow-x_last_edited=\u00a0\u00bbon|phone\u00a0\u00bb border_color_all_dsm_circle_border=\u00a0\u00bb#0C71C3&Prime; border_width_all_dsm_content_wrapper=\u00a0\u00bb2px\u00a0\u00bb border_color_all_dsm_content_wrapper=\u00a0\u00bb#0C71C3&Prime; box_shadow_style_dsm_circle=\u00a0\u00bbpreset1&Prime; global_colors_info=\u00a0\u00bb{}\u00a0\u00bb sticky_enabled=\u00a0\u00bb0&Prime;][dsm_circle_info_child dsm_circle_info_title=\u00a0\u00bbANTIBES\u00a0\u00bb dsm_content_image=\u00a0\u00bbhttps:\/\/www.capoeira-abada.com\/web\/wp-content\/uploads\/2023\/10\/petit-logo-blanc.png\u00a0\u00bb dsm_content_image_width=\u00a0\u00bb100%\u00a0\u00bb button_text=\u00a0\u00bbD\u00e9couvrir ANTIBES\u00a0\u00bb button_url=\u00a0\u00bbhttps:\/\/www.capoeira-abada.com\/web\/capoeira-antibes\/\u00a0\u00bb _builder_version=\u00a0\u00bb4.27.0&Prime; _module_preset=\u00a0\u00bbdefault\u00a0\u00bb background_color=\u00a0\u00bb#E09900&Prime; background_enable_color=\u00a0\u00bbon\u00a0\u00bb background_enable_image=\u00a0\u00bboff\u00a0\u00bb background_size=\u00a0\u00bbcustom\u00a0\u00bb background_image_width=\u00a0\u00bb70%\u00a0\u00bb custom_button=\u00a0\u00bbon\u00a0\u00bb button_text_size=\u00a0\u00bb25px\u00a0\u00bb button_text_color=\u00a0\u00bb#FFFFFF\u00a0\u00bb button_border_radius=\u00a0\u00bb10px\u00a0\u00bb button_font=\u00a0\u00bb|700|||||||\u00a0\u00bb button_use_icon=\u00a0\u00bboff\u00a0\u00bb button_alignment=\u00a0\u00bbcenter\u00a0\u00bb global_colors_info=\u00a0\u00bb{}\u00a0\u00bb parentOrderClass=\u00a0\u00bbdsm_circle_info_0&Prime; totalCount=\u00a0\u00bb8&Prime; itemIndex=\u00a0\u00bb1&Prime;][\/dsm_circle_info_child][dsm_circle_info_child dsm_circle_info_title=\u00a0\u00bbCAGNES\u00a0\u00bb dsm_content_image=\u00a0\u00bbhttps:\/\/www.capoeira-abada.com\/web\/wp-content\/uploads\/2023\/10\/petit-logo-blanc.png\u00a0\u00bb dsm_content_image_width=\u00a0\u00bb150%\u00a0\u00bb button_text=\u00a0\u00bbD\u00e9couvrir Cagnes\u00a0\u00bb button_url=\u00a0\u00bbhttps:\/\/www.capoeira-abada.com\/web\/capoeira-cagnes-sur-mer\/\u00a0\u00bb _builder_version=\u00a0\u00bb4.27.0&Prime; _module_preset=\u00a0\u00bbdefault\u00a0\u00bb background_color=\u00a0\u00bb#E09900&Prime; background_enable_color=\u00a0\u00bbon\u00a0\u00bb background_enable_image=\u00a0\u00bboff\u00a0\u00bb background_size=\u00a0\u00bbcontain\u00a0\u00bb custom_button=\u00a0\u00bbon\u00a0\u00bb button_text_size=\u00a0\u00bb25px\u00a0\u00bb button_text_color=\u00a0\u00bb#FFFFFF\u00a0\u00bb button_border_radius=\u00a0\u00bb15px\u00a0\u00bb button_font=\u00a0\u00bb|700|||||||\u00a0\u00bb global_colors_info=\u00a0\u00bb{}\u00a0\u00bb parentOrderClass=\u00a0\u00bbdsm_circle_info_0&Prime; totalCount=\u00a0\u00bb8&Prime; itemIndex=\u00a0\u00bb2&Prime;][\/dsm_circle_info_child][dsm_circle_info_child dsm_circle_info_title=\u00a0\u00bbCANNES\u00a0\u00bb dsm_content_image=\u00a0\u00bbhttps:\/\/www.capoeira-abada.com\/web\/wp-content\/uploads\/2023\/10\/petit-logo-blanc.png\u00a0\u00bb dsm_content_image_width=\u00a0\u00bb180%\u00a0\u00bb button_text=\u00a0\u00bbD\u00e9couvrir CANNES\u00a0\u00bb button_url=\u00a0\u00bbhttps:\/\/www.capoeira-abada.com\/web\/capoeira-cannes\/\u00a0\u00bb _builder_version=\u00a0\u00bb4.27.0&Prime; _module_preset=\u00a0\u00bbdefault\u00a0\u00bb background_color=\u00a0\u00bb#E09900&Prime; background_enable_color=\u00a0\u00bbon\u00a0\u00bb background_enable_image=\u00a0\u00bboff\u00a0\u00bb background_size=\u00a0\u00bbcontain\u00a0\u00bb custom_button=\u00a0\u00bbon\u00a0\u00bb button_text_size=\u00a0\u00bb25px\u00a0\u00bb button_text_color=\u00a0\u00bb#FFFFFF\u00a0\u00bb button_border_radius=\u00a0\u00bb15px\u00a0\u00bb button_font=\u00a0\u00bb|700|||||||\u00a0\u00bb global_colors_info=\u00a0\u00bb{}\u00a0\u00bb parentOrderClass=\u00a0\u00bbdsm_circle_info_0&Prime; totalCount=\u00a0\u00bb8&Prime; itemIndex=\u00a0\u00bb3&Prime;][\/dsm_circle_info_child][dsm_circle_info_child dsm_circle_info_title=\u00a0\u00bbGRASSE\u00a0\u00bb dsm_content_image=\u00a0\u00bbhttps:\/\/www.capoeira-abada.com\/web\/wp-content\/uploads\/2023\/10\/petit-logo-blanc.png\u00a0\u00bb dsm_content_image_width=\u00a0\u00bb70%\u00a0\u00bb button_text=\u00a0\u00bbD\u00e9couvrir GRASSE\u00a0\u00bb button_url=\u00a0\u00bbhttps:\/\/www.capoeira-abada.com\/web\/capoeira-grasse\/\u00a0\u00bb _builder_version=\u00a0\u00bb4.27.0&Prime; _module_preset=\u00a0\u00bbdefault\u00a0\u00bb background_color=\u00a0\u00bb#E09900&Prime; background_enable_color=\u00a0\u00bbon\u00a0\u00bb background_enable_image=\u00a0\u00bboff\u00a0\u00bb background_size=\u00a0\u00bbcustom\u00a0\u00bb custom_button=\u00a0\u00bbon\u00a0\u00bb button_text_size=\u00a0\u00bb25px\u00a0\u00bb button_text_color=\u00a0\u00bb#FFFFFF\u00a0\u00bb button_bg_color=\u00a0\u00bb#0C71C3&Prime; button_border_radius=\u00a0\u00bb15px\u00a0\u00bb button_font=\u00a0\u00bb|700|||||||\u00a0\u00bb button_use_icon=\u00a0\u00bbon\u00a0\u00bb button_icon=\u00a0\u00bb&#x3d;||divi||400&Prime; button_icon_color=\u00a0\u00bb#FFFFFF\u00a0\u00bb button_on_hover=\u00a0\u00bbon\u00a0\u00bb button_alignment=\u00a0\u00bbcenter\u00a0\u00bb button_border_color_tablet=\u00a0\u00bb\u00a0\u00bb button_border_color_phone=\u00a0\u00bb\u00a0\u00bb button_border_color_last_edited=\u00a0\u00bbon|desktop\u00a0\u00bb global_colors_info=\u00a0\u00bb{}\u00a0\u00bb parentOrderClass=\u00a0\u00bbdsm_circle_info_0&Prime; totalCount=\u00a0\u00bb8&Prime; itemIndex=\u00a0\u00bb4&Prime;][\/dsm_circle_info_child][dsm_circle_info_child dsm_circle_info_title=\u00a0\u00bbNICE\u00a0\u00bb dsm_content_image=\u00a0\u00bbhttps:\/\/www.capoeira-abada.com\/web\/wp-content\/uploads\/2023\/10\/petit-logo-blanc.png\u00a0\u00bb dsm_content_image_width=\u00a0\u00bb150%\u00a0\u00bb button_text=\u00a0\u00bbD\u00e9couvrir NICE\u00a0\u00bb button_url=\u00a0\u00bbhttps:\/\/www.capoeira-abada.com\/web\/capoeira-nice\/\u00a0\u00bb _builder_version=\u00a0\u00bb4.27.0&Prime; _module_preset=\u00a0\u00bbdefault\u00a0\u00bb background_color=\u00a0\u00bb#E09900&Prime; background_enable_color=\u00a0\u00bbon\u00a0\u00bb background_enable_image=\u00a0\u00bboff\u00a0\u00bb background_size=\u00a0\u00bbcontain\u00a0\u00bb custom_button=\u00a0\u00bbon\u00a0\u00bb button_text_size=\u00a0\u00bb25px\u00a0\u00bb button_text_color=\u00a0\u00bb#FFFFFF\u00a0\u00bb button_border_radius=\u00a0\u00bb15px\u00a0\u00bb button_font=\u00a0\u00bb|700|||||||\u00a0\u00bb button_alignment=\u00a0\u00bbcenter\u00a0\u00bb global_colors_info=\u00a0\u00bb{}\u00a0\u00bb parentOrderClass=\u00a0\u00bbdsm_circle_info_0&Prime; totalCount=\u00a0\u00bb8&Prime; itemIndex=\u00a0\u00bb5&Prime;][\/dsm_circle_info_child][dsm_circle_info_child dsm_circle_info_title=\u00a0\u00bbVALBONNE\u00a0\u00bb dsm_content_image=\u00a0\u00bbhttps:\/\/www.capoeira-abada.com\/web\/wp-content\/uploads\/2023\/10\/petit-logo-blanc.png\u00a0\u00bb dsm_content_image_width=\u00a0\u00bb150%\u00a0\u00bb button_text=\u00a0\u00bbD\u00e9couvrir VALBONNE\u00a0\u00bb button_url=\u00a0\u00bbhttps:\/\/www.capoeira-abada.com\/web\/capoeira-valbonne\/\u00a0\u00bb _builder_version=\u00a0\u00bb4.27.0&Prime; _module_preset=\u00a0\u00bbdefault\u00a0\u00bb background_color=\u00a0\u00bb#E09900&Prime; background_enable_color=\u00a0\u00bbon\u00a0\u00bb background_enable_image=\u00a0\u00bboff\u00a0\u00bb background_size=\u00a0\u00bbcontain\u00a0\u00bb custom_button=\u00a0\u00bbon\u00a0\u00bb button_text_size=\u00a0\u00bb25px\u00a0\u00bb button_text_color=\u00a0\u00bb#FFFFFF\u00a0\u00bb button_border_radius=\u00a0\u00bb15px\u00a0\u00bb button_font=\u00a0\u00bb|700|||||||\u00a0\u00bb global_colors_info=\u00a0\u00bb{}\u00a0\u00bb parentOrderClass=\u00a0\u00bbdsm_circle_info_0&Prime; totalCount=\u00a0\u00bb8&Prime; itemIndex=\u00a0\u00bb6&Prime;][\/dsm_circle_info_child][dsm_circle_info_child dsm_circle_info_title=\u00a0\u00bbVENCE\u00a0\u00bb dsm_content_image=\u00a0\u00bbhttps:\/\/www.capoeira-abada.com\/web\/wp-content\/uploads\/2023\/10\/petit-logo-blanc.png\u00a0\u00bb dsm_content_image_width=\u00a0\u00bb150%\u00a0\u00bb button_text=\u00a0\u00bbD\u00e9couvrir VENCE\u00a0\u00bb button_url=\u00a0\u00bbhttps:\/\/www.capoeira-abada.com\/web\/capoeira-vence\/\u00a0\u00bb _builder_version=\u00a0\u00bb4.27.0&Prime; _module_preset=\u00a0\u00bbdefault\u00a0\u00bb background_color=\u00a0\u00bb#E09900&Prime; background_enable_color=\u00a0\u00bbon\u00a0\u00bb background_enable_image=\u00a0\u00bboff\u00a0\u00bb background_size=\u00a0\u00bbcustom\u00a0\u00bb background_image_width=\u00a0\u00bb90%\u00a0\u00bb custom_button=\u00a0\u00bbon\u00a0\u00bb button_text_size=\u00a0\u00bb25px\u00a0\u00bb button_text_color=\u00a0\u00bb#FFFFFF\u00a0\u00bb button_bg_color=\u00a0\u00bb#0C71C3&Prime; button_border_radius=\u00a0\u00bb15px\u00a0\u00bb button_font=\u00a0\u00bb|700|||||||\u00a0\u00bb global_colors_info=\u00a0\u00bb{}\u00a0\u00bb parentOrderClass=\u00a0\u00bbdsm_circle_info_0&Prime; totalCount=\u00a0\u00bb8&Prime; itemIndex=\u00a0\u00bb7&Prime;][\/dsm_circle_info_child][dsm_circle_info_child dsm_circle_info_title=\u00a0\u00bbVILLENEUVE\u00a0\u00bb dsm_content_image=\u00a0\u00bbhttps:\/\/www.capoeira-abada.com\/web\/wp-content\/uploads\/2023\/10\/petit-logo-blanc.png\u00a0\u00bb dsm_content_image_width=\u00a0\u00bb150%\u00a0\u00bb button_text=\u00a0\u00bbD\u00e9couvrir Villeneuve\u00a0\u00bb button_url=\u00a0\u00bbhttps:\/\/www.capoeira-abada.com\/web\/capoeira-villeneuve\/\u00a0\u00bb _builder_version=\u00a0\u00bb4.27.0&Prime; _module_preset=\u00a0\u00bbdefault\u00a0\u00bb background_color=\u00a0\u00bb#E09900&Prime; background_enable_color=\u00a0\u00bbon\u00a0\u00bb background_enable_image=\u00a0\u00bboff\u00a0\u00bb background_size=\u00a0\u00bbcustom\u00a0\u00bb background_image_width=\u00a0\u00bb90%\u00a0\u00bb custom_button=\u00a0\u00bbon\u00a0\u00bb button_text_size=\u00a0\u00bb25px\u00a0\u00bb button_text_color=\u00a0\u00bb#FFFFFF\u00a0\u00bb button_bg_color=\u00a0\u00bb#0C71C3&Prime; button_border_radius=\u00a0\u00bb15px\u00a0\u00bb button_font=\u00a0\u00bb|700|||||||\u00a0\u00bb hover_enabled=\u00a0\u00bb0&Prime; global_colors_info=\u00a0\u00bb{}\u00a0\u00bb parentOrderClass=\u00a0\u00bbdsm_circle_info_0&Prime; totalCount=\u00a0\u00bb8&Prime; itemIndex=\u00a0\u00bb8&Prime; sticky_enabled=\u00a0\u00bb0&Prime;][\/dsm_circle_info_child][\/dsm_circle_info][\/et_pb_column][\/et_pb_row][\/et_pb_section]<\/p>\n","protected":false},"excerpt":{"rendered":"<p><div class=\"et_pb_module dsm_button dsm_button_0 et_pb_bg_layout_light\">\n\t\t\t\t\n\t\t\t\t\n\t\t\t\t\n\t\t\t\t\n\t\t\t\t\n\t\t\t\t\n\t\t\t\t<div class=\"et_pb_module_inner\">\n\t\t\t\t\t<div class=\"et_pb_button_module_wrappers dsm_button_0_wrapper et_pb_button_alignment_center et_pb_module\">\n\t\t\t\t<a class=\"et_pb_button et_pb_button_one et_pb_bg_layout_light dsm-none \"  href=https:\/\/wa.me\/+33643456454 data-dsm-lightbox-id=\"dsm_button_one_lightbox dsm_button_0\"><span>WHATSAPP<\/span><\/a><a class=\"et_pb_button et_pb_button_two et_pb_bg_layout_light dsm-none \"  href=sms:+33643456454 data-dsm-lightbox-id=\"dsm_button_two_lightbox dsm_button_0\"><span>SMS<\/span><\/a>\n\t\t\t<\/div>\n\t\t\t\t<\/div>\n\t\t\t<\/div>Bienvenue sur notre site d\u00e9di\u00e9 \u00e0 l&rsquo;univers captivant de la capoeira et de la culture br\u00e9silienne ! On est ravis de t&rsquo;accueillir au c\u0153ur de notre communaut\u00e9 passionn\u00e9e, o\u00f9 la gr\u00e2ce des mouvements de la capoeira se m\u00eale harmonieusement \u00e0 la richesse culturelle du Br\u00e9sil. Que tu sois un adepte de longue date ou que tu d\u00e9couvres cet art martial et cette culture envo\u00fbtants pour la premi\u00e8re fois, tu trouveras ici une source inestimable de connaissances, d&rsquo;inspiration et de partage.N&rsquo;h\u00e9site pas \u00e0 parcourir nos articles, nos vid\u00e9os et nos ressources soigneusement s\u00e9lectionn\u00e9s, et \u00e0 te joindre \u00e0 notre communaut\u00e9 dynamique en participant \u00e0 nos \u00e9v\u00e9nements, stages et cours. On esp\u00e8re que ce site deviendra une source d&rsquo;inspiration, de connexion et d&rsquo;\u00e9panouissement pour toi, tout comme il l&rsquo;est pour nous.<div class=\"et_pb_with_border et_pb_module dsm_dual_heading dsm_dual_heading_0  et_pb_text_align_center et_pb_bg_layout_light\">\n\t\t\t\t\n\t\t\t\t\n\t\t\t\t\n\t\t\t\t\n\t\t\t\t\n\t\t\t\t\n\t\t\t\t<div class=\"et_pb_module_inner\">\n\t\t\t\t\t<h1 class=\"dsm-dual-heading-main et_pb_module_header\"><span class=\"dsm-dual-heading-before\">Choisis <\/span><span class=\"dsm-dual-heading-middle\">ta ville<\/span><span class=\"dsm-dual-heading-after\"> d'entra\u00eenement<\/span><\/h1>\n\t\t\t\t<\/div>\n\t\t\t<\/div><div class=\"et_pb_module dsm_circle_info dsm_circle_info_0\">\n\t\t\t\t\n\t\t\t\t\n\t\t\t\t\n\t\t\t\t\n\t\t\t\t\n\t\t\t\t\n\t\t\t\t<div class=\"et_pb_module_inner\">\n\t\t\t\t\t<div class=\"dsm-circle-info-container\" data-autoplay=\"off\" data-updateangle=\"\" style=\"--main-circle-size: 500px;--main-circle-size-tablet:\u00bb;;--main-circle-size-phone:\u00bb;; --dsm-angle: 0;\" data-trigger=\"click\" data-delay=\"3000\" data-animation=\"fadeIn\">\n\t\t\t    <div class=\"dsm-circle-info-button\"><\/div>\n\t\t\t    <div class=\"dsm-circle-info-content\"><\/div>    \n\t\t     <\/div>\n\t\t    \n\t\t\t\t<\/div>\n\t\t\t<\/div><\/p>\n","protected":false},"author":1,"featured_media":0,"parent":0,"menu_order":0,"comment_status":"closed","ping_status":"closed","template":"","meta":{"_et_pb_use_builder":"on","_et_pb_old_content":"<!-- wp:paragraph -->\n<p>SALUT <\/p>\n<!-- \/wp:paragraph -->","_et_gb_content_width":"","footnotes":""},"class_list":["post-499","page","type-page","status-publish","hentry"],"_links":{"self":[{"href":"https:\/\/www.capoeira-abada.com\/web\/wp-json\/wp\/v2\/pages\/499","targetHints":{"allow":["GET"]}}],"collection":[{"href":"https:\/\/www.capoeira-abada.com\/web\/wp-json\/wp\/v2\/pages"}],"about":[{"href":"https:\/\/www.capoeira-abada.com\/web\/wp-json\/wp\/v2\/types\/page"}],"author":[{"embeddable":true,"href":"https:\/\/www.capoeira-abada.com\/web\/wp-json\/wp\/v2\/users\/1"}],"replies":[{"embeddable":true,"href":"https:\/\/www.capoeira-abada.com\/web\/wp-json\/wp\/v2\/comments?post=499"}],"version-history":[{"count":78,"href":"https:\/\/www.capoeira-abada.com\/web\/wp-json\/wp\/v2\/pages\/499\/revisions"}],"predecessor-version":[{"id":1824,"href":"https:\/\/www.capoeira-abada.com\/web\/wp-json\/wp\/v2\/pages\/499\/revisions\/1824"}],"wp:attachment":[{"href":"https:\/\/www.capoeira-abada.com\/web\/wp-json\/wp\/v2\/media?parent=499"}],"curies":[{"name":"wp","href":"https:\/\/api.w.org\/{rel}","templated":true}]}}